{"id":3283,"date":"2026-05-05T20:35:40","date_gmt":"2026-05-05T18:35:40","guid":{"rendered":"https:\/\/land-schamane.com\/cms\/?page_id=3283"},"modified":"2026-05-05T20:35:40","modified_gmt":"2026-05-05T18:35:40","slug":"wegbeschreibung","status":"publish","type":"page","link":"https:\/\/land-schamane.com\/cms\/wegbeschreibung\/","title":{"rendered":"Wegbeschreibung"},"content":{"rendered":"<p><span style=\"font-size: 18pt;\"><strong><span style=\"color: #800000; font-family: helvetica, arial, sans-serif;\">Wegbeschreibung Akademie &#8211; Ritualplatz<\/span><\/strong><\/span><\/p>\n<p>In W\u00f6rschach \/ n\u00e4he Liezen \/ Obersteiermark:<\/p>\n<ol>\n<li>Starte bei der <strong>Akademie f\u00fcr Naturheilmethoden und Schamanismus (Dorfstra\u00dfe 225<\/strong>) neben der Raiffeisenbank <strong>in Richtung Westen (Kirche).<\/strong><\/li>\n<li>Nach der <strong>Unterf\u00fchrung<\/strong> der Ennstal Bundesstra\u00dfe links abbiegen in die <strong>Gewerbestra\u00dfe.<\/strong><\/li>\n<li>Nach 50 m rechts abbiegen in <strong>die Au<\/strong> (bei Firma Steiner).<\/li>\n<li>\u00dcber die <strong>Bahn\u00fcbersetzung<\/strong> links den Weg entlang <strong>der Au<\/strong> bis zum alten gelben <strong>Bahnw\u00e4rterhaus.<\/strong><\/li>\n<li>Vor dem Bahnw\u00e4rterhaus rechts abbiegen und anschlie\u00dfend gleich links.<\/li>\n<li>Den Schotterweg ca. 200 m entlang bis zum Festzelt fahren.<\/li>\n<\/ol>\n<p>&nbsp;<\/p>\n<p>Folge den <span style=\"color: #800000;\"><strong>roten Pfeilen<\/strong><\/span> \u2013 Beschilderung w\u00e4hrend den Sommerbegegnungstagen von der Akademie zum Ritualplatz!<\/p>\n<p><span style=\"color: #800000;\"><strong>Achtung:<\/strong><\/span> Google Maps findet den Veranstaltungsort nicht direkt, es ist aber m\u00f6glich den <strong>Fu\u00dfballplatz W\u00f6rschach<\/strong> einzugeben. Ab dem alten gelben Bahnw\u00e4rterhaus rechts abbiegen auf den Schotterweg.<\/p>\n<p>Die Fahrt von der Akademie zum Veranstaltungsplatz in der Au dauert mit dem Auto etwa <strong>4 Minuten<\/strong>. Die Strecke ist rund <strong>1,7 km<\/strong> lang.<\/p>\n<p><span style=\"color: #800000;\"><strong>Parkplatzm\u00f6glichkeiten<\/strong> <\/span>gibt es neben\/nahe dem Veranstaltungsplatz sowie beim Fu\u00dfballplatz der Gemeinde W\u00f6rschach (fu\u00dfl\u00e4ufig 8 Minuten entfernt).<\/p>\n<p>&nbsp;<\/p>\n<p><img loading=\"lazy\" decoding=\"async\" class=\"alignnone size-full wp-image-3284\" src=\"https:\/\/land-schamane.com\/cms\/wp-content\/uploads\/2026\/05\/Ritualplatz-e1778006036954.jpg\" alt=\"\" width=\"800\" height=\"1067\"><\/p>\n<p>&nbsp;<\/p>\n","protected":false},"excerpt":{"rendered":"<p>Wegbeschreibung Akademie &#8211; Ritualplatz In W\u00f6rschach \/ n\u00e4he Liezen \/ Obersteiermark: Starte bei der Akademie f\u00fcr Naturheilmethoden und Schamanismus (Dorfstra\u00dfe 225) neben der Raiffeisenbank in Richtung Westen (Kirche). Nach der Unterf\u00fchrung der Ennstal Bundesstra\u00dfe links abbiegen in die Gewerbestra\u00dfe. Nach 50 m rechts abbiegen in die Au (bei Firma Steiner). \u00dcber die Bahn\u00fcbersetzung links den [&hellip;]<\/p>\n","protected":false},"author":3,"featured_media":0,"parent":0,"menu_order":0,"comment_status":"closed","ping_status":"closed","template":"","meta":{"ngg_post_thumbnail":0,"footnotes":""},"class_list":["post-3283","page","type-page","status-publish","hentry","post"],"_links":{"self":[{"href":"https:\/\/land-schamane.com\/cms\/wp-json\/wp\/v2\/pages\/3283","targetHints":{"allow":["GET"]}}],"collection":[{"href":"https:\/\/land-schamane.com\/cms\/wp-json\/wp\/v2\/pages"}],"about":[{"href":"https:\/\/land-schamane.com\/cms\/wp-json\/wp\/v2\/types\/page"}],"author":[{"embeddable":true,"href":"https:\/\/land-schamane.com\/cms\/wp-json\/wp\/v2\/users\/3"}],"replies":[{"embeddable":true,"href":"https:\/\/land-schamane.com\/cms\/wp-json\/wp\/v2\/comments?post=3283"}],"version-history":[{"count":2,"href":"https:\/\/land-schamane.com\/cms\/wp-json\/wp\/v2\/pages\/3283\/revisions"}],"predecessor-version":[{"id":3286,"href":"https:\/\/land-schamane.com\/cms\/wp-json\/wp\/v2\/pages\/3283\/revisions\/3286"}],"wp:attachment":[{"href":"https:\/\/land-schamane.com\/cms\/wp-json\/wp\/v2\/media?parent=3283"}],"curies":[{"name":"wp","href":"https:\/\/api.w.org\/{rel}","templated":true}]}}