{"id":90,"date":"2018-11-05T14:12:02","date_gmt":"2018-11-05T14:12:02","guid":{"rendered":"http:\/\/land-schamane.com\/?page_id=90"},"modified":"2023-03-04T09:58:38","modified_gmt":"2023-03-04T08:58:38","slug":"impressum","status":"publish","type":"page","link":"https:\/\/land-schamane.com\/cms\/impressum\/","title":{"rendered":"Impressum"},"content":{"rendered":"<p>Informationspflicht laut \u00a75 E-Commerce Gesetz, \u00a714 Unternehmensgesetzbuch, \u00a763 Gewerbeordnung und Offenlegungspflicht laut \u00a725 Mediengesetz.<\/p>\n<p>Verein<br \/>\nInternationaler Verband f\u00fcr Schamanismus und traditionelle ganzheitliche Heilmethoden<\/p>\n<p>Dorfstrasse 225<\/p>\n<p>8942 W\u00f6rschach<\/p>\n<p>Tel.: +43 (0) 681 10 89 14 49<\/p>\n<p>E-Mail: <a href=\"mailto:kurt@land-schamane.com\">kurt@land-schamane.com<\/a><\/p>\n<p>Quelle: Erstellt\u00a0mit dem\u00a0Impressum Generator von firmenwebseiten.at\u00a0in Kooperation mit\u00a0pressefeuer.at<\/p>\n<p>EU-Streitschlichtung<br \/>\nAngaben zur Online-Streitbeilegung: Verbraucher haben die M\u00f6glichkeit, Beschwerden an die OnlineStreitbeilegungsplattform der EU zu richten:\u00a0https:\/\/ec.europa.eu\/consumers\/odr\/main\/index.cfm?event=main.home2.show&amp;lng=DE. Sie k\u00f6nnen allf\u00e4llige Beschwerde auch an die oben angegebene E-Mail-Adresse richten.<\/p>\n<p>Haftung f\u00fcr Inhalte dieser Webseite<br \/>\nWir entwickeln die Inhalte dieser Webseite st\u00e4ndig weiter und bem\u00fchen uns korrekte und aktuelle Informationen bereitzustellen. Leider k\u00f6nnen wir keine Haftung f\u00fcr die Korrektheit aller Inhalte auf dieser Webseite \u00fcbernehmen, speziell f\u00fcr jene die seitens Dritter bereitgestellt wird. Sollten Ihnen problematische oder rechtswidrige Inhalte auffallen, bitte wir Sie uns umgehend zu kontaktieren, Sie finden die Kontaktdaten hier, im Impressum.<\/p>\n<p>Haftung f\u00fcr Links auf dieser Webseite<br \/>\nUnsere Webseite enth\u00e4lt Links zu anderen Webseiten f\u00fcr deren Inhalt wir nicht verantwortlich sind. Wenn Ihnen rechtswidrige Links auf unserer Webseite auffallen, bitte wir Sie uns zu kontaktieren.<\/p>\n<p>Urheberrechtshinweis<br \/>\nAlle Inhalte dieser Webseite (Bilder, Fotos, Texte, Videos) unterliegen dem Urheberrecht. Falls notwendig, werden wir die unerlaubte Nutzung von Teilen der Inhalte unserer Seite rechtlich verfolgen.<\/p>\n<p>Bildernachweis<br \/>\nDie Bilder, Fotos und Grafiken auf dieser Webseite sind urheberrechtlich gesch\u00fctzt.<\/p>\n<p>Die Bilderrechte liegen bei den folgenden Fotografen und Unternehmen:<\/p>\n<p>Kurt Br\u00fcckler<\/p>\n<p>Christoph Br\u00fcckler<\/p>\n<p>Horst Longitsch<\/p>\n<p>Marina Erlacher<\/p>\n<p>Herbert K\u00e4fer<\/p>\n","protected":false},"excerpt":{"rendered":"<p>Informationspflicht laut \u00a75 E-Commerce Gesetz, \u00a714 Unternehmensgesetzbuch, \u00a763 Gewerbeordnung und Offenlegungspflicht laut \u00a725 Mediengesetz. Verein Internationaler Verband f\u00fcr Schamanismus und traditionelle ganzheitliche Heilmethoden Dorfstrasse 225 8942 W\u00f6rschach Tel.: +43 (0) 681 10 89 14 49 E-Mail: kurt@land-schamane.com Quelle: Erstellt\u00a0mit dem\u00a0Impressum Generator von firmenwebseiten.at\u00a0in Kooperation mit\u00a0pressefeuer.at EU-Streitschlichtung Angaben zur Online-Streitbeilegung: Verbraucher haben die M\u00f6glichkeit, Beschwerden an [&hellip;]<\/p>\n","protected":false},"author":2,"featured_media":0,"parent":0,"menu_order":0,"comment_status":"closed","ping_status":"closed","template":"","meta":{"ngg_post_thumbnail":0,"footnotes":""},"class_list":["post-90","page","type-page","status-publish","hentry","post"],"_links":{"self":[{"href":"https:\/\/land-schamane.com\/cms\/wp-json\/wp\/v2\/pages\/90","targetHints":{"allow":["GET"]}}],"collection":[{"href":"https:\/\/land-schamane.com\/cms\/wp-json\/wp\/v2\/pages"}],"about":[{"href":"https:\/\/land-schamane.com\/cms\/wp-json\/wp\/v2\/types\/page"}],"author":[{"embeddable":true,"href":"https:\/\/land-schamane.com\/cms\/wp-json\/wp\/v2\/users\/2"}],"replies":[{"embeddable":true,"href":"https:\/\/land-schamane.com\/cms\/wp-json\/wp\/v2\/comments?post=90"}],"version-history":[{"count":6,"href":"https:\/\/land-schamane.com\/cms\/wp-json\/wp\/v2\/pages\/90\/revisions"}],"predecessor-version":[{"id":1684,"href":"https:\/\/land-schamane.com\/cms\/wp-json\/wp\/v2\/pages\/90\/revisions\/1684"}],"wp:attachment":[{"href":"https:\/\/land-schamane.com\/cms\/wp-json\/wp\/v2\/media?parent=90"}],"curies":[{"name":"wp","href":"https:\/\/api.w.org\/{rel}","templated":true}]}}